{"id":540,"date":"2024-03-25T13:39:58","date_gmt":"2024-03-25T13:39:58","guid":{"rendered":"https:\/\/agiprimerealestate.com\/services\/"},"modified":"2024-05-30T08:17:08","modified_gmt":"2024-05-30T08:17:08","slug":"nostri-servizi","status":"publish","type":"page","link":"https:\/\/agiprimerealestate.com\/it\/nostri-servizi\/","title":{"rendered":"Services"},"content":{"rendered":"[vc_row type=&#8221;full_width_content&#8221; full_screen_row_position=&#8221;middle&#8221; column_margin=&#8221;default&#8221; equal_height=&#8221;yes&#8221; content_placement=&#8221;middle&#8221; column_direction=&#8221;default&#8221; column_direction_tablet=&#8221;default&#8221; column_direction_phone=&#8221;default&#8221; scene_position=&#8221;center&#8221; top_padding=&#8221;8%&#8221; bottom_padding=&#8221;5%&#8221; left_padding_desktop=&#8221;6%&#8221; constrain_group_2=&#8221;yes&#8221; right_padding_desktop=&#8221;6%&#8221; top_padding_tablet=&#8221;20%&#8221; top_padding_phone=&#8221;25%&#8221; text_color=&#8221;dark&#8221; text_align=&#8221;left&#8221; row_border_radius=&#8221;none&#8221; row_border_radius_applies=&#8221;bg&#8221; zindex=&#8221;100&#8243; overflow=&#8221;visible&#8221; advanced_gradient_angle=&#8221;0&#8243; overlay_strength=&#8221;0.3&#8243; gradient_direction=&#8221;left_to_right&#8221; shape_divider_position=&#8221;bottom&#8221; bg_image_animation=&#8221;fade-in&#8221; gradient_type=&#8221;default&#8221; shape_type=&#8221;&#8221;][vc_column column_padding=&#8221;no-extra-padding&#8221; column_padding_tablet=&#8221;inherit&#8221; column_padding_phone=&#8221;inherit&#8221; column_padding_position=&#8221;all&#8221; column_element_direction_desktop=&#8221;default&#8221; column_element_spacing=&#8221;default&#8221; desktop_text_alignment=&#8221;default&#8221; tablet_text_alignment=&#8221;default&#8221; phone_text_alignment=&#8221;default&#8221; background_color_opacity=&#8221;1&#8243; background_hover_color_opacity=&#8221;1&#8243; column_backdrop_filter=&#8221;none&#8221; column_shadow=&#8221;none&#8221; column_border_radius=&#8221;none&#8221; column_link_target=&#8221;_self&#8221; column_position=&#8221;default&#8221; advanced_gradient_angle=&#8221;0&#8243; gradient_direction=&#8221;left_to_right&#8221; overlay_strength=&#8221;0.3&#8243; width=&#8221;1\/1&#8243; tablet_width_inherit=&#8221;default&#8221; animation_type=&#8221;default&#8221; bg_image_animation=&#8221;none&#8221; border_type=&#8221;simple&#8221; column_border_width=&#8221;none&#8221; column_border_style=&#8221;solid&#8221; gradient_type=&#8221;default&#8221;][vc_row_inner equal_height=&#8221;yes&#8221; content_placement=&#8221;middle&#8221; column_margin=&#8221;default&#8221; column_direction=&#8221;default&#8221; column_direction_tablet=&#8221;default&#8221; column_direction_phone=&#8221;default&#8221; text_align=&#8221;left&#8221; row_position=&#8221;default&#8221; row_position_tablet=&#8221;inherit&#8221; row_position_phone=&#8221;inherit&#8221; overflow=&#8221;visible&#8221; pointer_events=&#8221;all&#8221;][vc_column_inner column_padding=&#8221;no-extra-padding&#8221; column_padding_tablet=&#8221;inherit&#8221; column_padding_phone=&#8221;inherit&#8221; column_padding_position=&#8221;all&#8221; bottom_margin_tablet=&#8221;20&#8243; column_element_direction_desktop=&#8221;default&#8221; column_element_spacing=&#8221;default&#8221; desktop_text_alignment=&#8221;default&#8221; tablet_text_alignment=&#8221;default&#8221; phone_text_alignment=&#8221;default&#8221; background_color_opacity=&#8221;1&#8243; background_hover_color_opacity=&#8221;1&#8243; column_backdrop_filter=&#8221;none&#8221; column_shadow=&#8221;none&#8221; column_border_radius=&#8221;none&#8221; column_link_target=&#8221;_self&#8221; overflow=&#8221;visible&#8221; advanced_gradient_angle=&#8221;0&#8243; gradient_direction=&#8221;left_to_right&#8221; overlay_strength=&#8221;0.3&#8243; width=&#8221;1\/1&#8243; tablet_width_inherit=&#8221;small_desktop&#8221; animation_type=&#8221;default&#8221; bg_image_animation=&#8221;none&#8221; border_type=&#8221;simple&#8221; column_border_width=&#8221;none&#8221; column_border_style=&#8221;solid&#8221; gradient_type=&#8221;default&#8221; column_padding_type=&#8221;default&#8221;][split_line_heading animation_type=&#8221;line-reveal-by-space&#8221; font_style=&#8221;h1&#8243; line_reveal_by_space_text_effect=&#8221;letter-reveal-bottom&#8221; stagger_animation=&#8221;true&#8221; mobile_disable_animation=&#8221;true&#8221; content_alignment=&#8221;default&#8221; mobile_content_alignment=&#8221;inherit&#8221; link_target=&#8221;_self&#8221; text_content=&#8221;I nostri servizi&#8221; font_size=&#8221;9vw&#8221; font_size_tablet=&#8221;9vw&#8221; font_size_phone=&#8221;10vw&#8221; text_direction=&#8221;default&#8221;][\/split_line_heading][\/vc_column_inner][\/vc_row_inner][\/vc_column][\/vc_row][vc_row type=&#8221;full_width_content&#8221; full_screen_row_position=&#8221;middle&#8221; column_margin=&#8221;default&#8221; column_direction=&#8221;default&#8221; column_direction_tablet=&#8221;default&#8221; column_direction_phone=&#8221;default&#8221; bg_color=&#8221;#ffffff&#8221; scene_position=&#8221;center&#8221; text_color=&#8221;dark&#8221; text_align=&#8221;left&#8221; row_border_radius=&#8221;none&#8221; row_border_radius_applies=&#8221;bg&#8221; overflow=&#8221;visible&#8221; overlay_strength=&#8221;0.3&#8243; gradient_direction=&#8221;left_to_right&#8221; shape_divider_position=&#8221;bottom&#8221; bg_image_animation=&#8221;none&#8221; shape_type=&#8221;&#8221; gradient_type=&#8221;default&#8221;][vc_column column_padding=&#8221;no-extra-padding&#8221; column_padding_tablet=&#8221;inherit&#8221; column_padding_phone=&#8221;inherit&#8221; column_padding_position=&#8221;all&#8221; column_element_direction_desktop=&#8221;default&#8221; column_element_spacing=&#8221;0px&#8221; desktop_text_alignment=&#8221;default&#8221; tablet_text_alignment=&#8221;default&#8221; phone_text_alignment=&#8221;default&#8221; background_color_opacity=&#8221;1&#8243; background_hover_color_opacity=&#8221;1&#8243; column_backdrop_filter=&#8221;none&#8221; column_shadow=&#8221;none&#8221; column_border_radius=&#8221;none&#8221; column_link_target=&#8221;_self&#8221; column_position=&#8221;default&#8221; gradient_direction=&#8221;left_to_right&#8221; overlay_strength=&#8221;0.3&#8243; width=&#8221;1\/1&#8243; tablet_width_inherit=&#8221;default&#8221; animation_type=&#8221;default&#8221; bg_image_animation=&#8221;none&#8221; border_type=&#8221;advanced&#8221; column_border_color=&#8221;#919ec6&#8243; column_border_style=&#8221;solid&#8221; column_padding_type=&#8221;default&#8221; gradient_type=&#8221;default&#8221;][vc_row_inner equal_height=&#8221;yes&#8221; content_placement=&#8221;middle&#8221; column_margin=&#8221;none&#8221; column_direction=&#8221;default&#8221; column_direction_tablet=&#8221;default&#8221; column_direction_phone=&#8221;default&#8221; text_align=&#8221;left&#8221; row_position=&#8221;default&#8221; row_position_tablet=&#8221;inherit&#8221; row_position_phone=&#8221;inherit&#8221; overflow=&#8221;visible&#8221; pointer_events=&#8221;all&#8221;][vc_column_inner column_padding=&#8221;padding-5-percent&#8221; column_padding_tablet=&#8221;no-extra-padding&#8221; column_padding_phone=&#8221;inherit&#8221; column_padding_position=&#8221;all&#8221; column_element_direction_desktop=&#8221;default&#8221; column_element_spacing=&#8221;default&#8221; desktop_text_alignment=&#8221;default&#8221; tablet_text_alignment=&#8221;default&#8221; phone_text_alignment=&#8221;default&#8221; background_color_opacity=&#8221;1&#8243; background_hover_color_opacity=&#8221;1&#8243; column_backdrop_filter=&#8221;none&#8221; column_shadow=&#8221;none&#8221; column_border_radius=&#8221;none&#8221; column_link_target=&#8221;_self&#8221; overflow=&#8221;visible&#8221; gradient_direction=&#8221;left_to_right&#8221; overlay_strength=&#8221;0.3&#8243; width=&#8221;1\/2&#8243; tablet_width_inherit=&#8221;default&#8221; animation_type=&#8221;default&#8221; enable_animation=&#8221;true&#8221; animation=&#8221;fade-in&#8221; animation_easing=&#8221;default&#8221; bg_image_animation=&#8221;none&#8221; border_type=&#8221;advanced&#8221; column_border_color=&#8221;#919ec6&#8243; column_border_style=&#8221;solid&#8221; offset=&#8221;vc_col-xs-10&#8243; column_padding_type=&#8221;default&#8221; gradient_type=&#8221;default&#8221;][nectar_highlighted_text color_type=&#8221;regular&#8221; highlight_color=&#8221;#946f01&#8243; text_color=&#8221;#000000&#8243; style=&#8221;full_text&#8221; highlight_expansion=&#8221;default&#8221; custom_font_size=&#8221;4vw&#8221; text_direction=&#8221;default&#8221;]\n<h2>Scopri i nostri servizi immobiliari <em style=\"color: white;\">completi e personalizzati<\/em>.<\/h2>\n[\/nectar_highlighted_text][\/vc_column_inner][vc_column_inner column_padding=&#8221;padding-5-percent&#8221; column_padding_tablet=&#8221;inherit&#8221; column_padding_phone=&#8221;inherit&#8221; column_padding_position=&#8221;all&#8221; column_element_direction_desktop=&#8221;default&#8221; column_element_spacing=&#8221;default&#8221; desktop_text_alignment=&#8221;default&#8221; tablet_text_alignment=&#8221;default&#8221; phone_text_alignment=&#8221;default&#8221; background_color_opacity=&#8221;1&#8243; background_hover_color_opacity=&#8221;1&#8243; column_backdrop_filter=&#8221;none&#8221; column_shadow=&#8221;none&#8221; column_border_radius=&#8221;none&#8221; column_link_target=&#8221;_self&#8221; overflow=&#8221;visible&#8221; gradient_direction=&#8221;left_to_right&#8221; overlay_strength=&#8221;0.3&#8243; width=&#8221;1\/2&#8243; tablet_width_inherit=&#8221;default&#8221; animation_type=&#8221;default&#8221; bg_image_animation=&#8221;none&#8221; border_type=&#8221;simple&#8221; column_border_width=&#8221;none&#8221; column_border_style=&#8221;solid&#8221; column_padding_type=&#8221;default&#8221; gradient_type=&#8221;default&#8221;][vc_column_text text_direction=&#8221;default&#8221;]Nella nostra azienda, ci impegniamo a fornire un approccio olistico all&#8217;investimento e alla gestione immobiliare. Il nostro obiettivo \u00e8 garantire che ogni cliente riceva l&#8217;attenzione personalizzata e la guida esperta di cui ha bisogno per prendere decisioni informate e raggiungere i propri obiettivi immobiliari a Dubai.[\/vc_column_text][\/vc_column_inner][\/vc_row_inner][\/vc_column][\/vc_row][vc_row type=&#8221;full_width_background&#8221; full_screen_row_position=&#8221;middle&#8221; column_margin=&#8221;default&#8221; column_direction=&#8221;default&#8221; column_direction_tablet=&#8221;default&#8221; column_direction_phone=&#8221;default&#8221; bg_color=&#8221;#f7f7f7&#8243; scene_position=&#8221;center&#8221; top_padding=&#8221;2%&#8221; bottom_padding=&#8221;2%&#8221; text_color=&#8221;dark&#8221; text_align=&#8221;left&#8221; row_border_radius=&#8221;none&#8221; row_border_radius_applies=&#8221;bg&#8221; overflow=&#8221;visible&#8221; overlay_strength=&#8221;0.3&#8243; gradient_direction=&#8221;left_to_right&#8221; shape_divider_position=&#8221;bottom&#8221; bg_image_animation=&#8221;none&#8221; shape_type=&#8221;&#8221; gradient_type=&#8221;default&#8221;][vc_column column_padding=&#8221;no-extra-padding&#8221; column_padding_tablet=&#8221;inherit&#8221; column_padding_phone=&#8221;inherit&#8221; column_padding_position=&#8221;all&#8221; column_element_direction_desktop=&#8221;default&#8221; column_element_spacing=&#8221;default&#8221; desktop_text_alignment=&#8221;default&#8221; tablet_text_alignment=&#8221;default&#8221; phone_text_alignment=&#8221;default&#8221; background_color_opacity=&#8221;1&#8243; background_hover_color_opacity=&#8221;1&#8243; column_backdrop_filter=&#8221;none&#8221; column_shadow=&#8221;none&#8221; column_border_radius=&#8221;none&#8221; column_link_target=&#8221;_self&#8221; column_position=&#8221;default&#8221; gradient_direction=&#8221;left_to_right&#8221; overlay_strength=&#8221;0.3&#8243; width=&#8221;1\/2&#8243; tablet_width_inherit=&#8221;default&#8221; animation_type=&#8221;default&#8221; enable_animation=&#8221;true&#8221; animation=&#8221;grow-in&#8221; animation_easing=&#8221;default&#8221; bg_image_animation=&#8221;none&#8221; border_type=&#8221;simple&#8221; column_border_width=&#8221;none&#8221; column_border_style=&#8221;solid&#8221; column_padding_type=&#8221;default&#8221; gradient_type=&#8221;default&#8221;][fancy_box box_style=&#8221;color_box_hover&#8221; icon_family=&#8221;fontawesome&#8221; color=&#8221;accent-color&#8221; color_box_hover_overlay_opacity=&#8221;default&#8221; box_alignment=&#8221;left&#8221; border_radius=&#8221;default&#8221; image_loading=&#8221;default&#8221; min_height=&#8221;200&#8243; icon_fontawesome=&#8221;fa fa-home&#8221;]\n<h3>Acquisto, Vendita e Affitto<\/h3>\n<h5>Transazioni immobiliari personalizzate su misura per le tue esigenze<\/h5>\n<p>Navigare nel mercato immobiliare pu\u00f2 essere una sfida, ma con la nostra esperienza, l&#8217;acquisto, la vendita o l&#8217;affitto di propriet\u00e0 a Dubai diventa un&#8217;esperienza fluida e gratificante. Il nostro team si impegna a comprendere le tue preferenze e esigenze uniche, che tu stia cercando una lussuosa villa fronte mare, una propriet\u00e0 di investimento strategico o una confortevole casa per la famiglia. Offriamo consulenze personalizzate per abbinarvi alla propriet\u00e0 perfetta.<\/p>\n<p>Per i venditori, forniamo analisi di mercato, valutazione della propriet\u00e0 e strategie di marketing su misura per garantire che la tua propriet\u00e0 venga venduta rapidamente e al miglior prezzo possibile.<\/p>\n<p>Gli acquirenti beneficiano della nostra vasta rete e della conoscenza approfondita del mercato immobiliare di Dubai, ottenendo accesso a elenchi esclusivi e opportunit\u00e0 riservate.<\/p>\n<p>Gli affittuari, che siano alla ricerca di sistemazioni a breve termine come Airbnb o di locazioni a lungo termine, possono contare sulla nostra esperienza per trovare propriet\u00e0 che soddisfino le loro esigenze specifiche e il loro budget.<\/p>\n<p>Se stai cercando di affittare la tua propriet\u00e0, abbiamo una grande esperienza nell&#8217;aiutare i nostri clienti a massimizzare il ritorno sul loro investimento sia attraverso il mercato degli affitti a lungo termine che a breve termine.[\/fancy_box][\/vc_column][vc_column column_padding=&#8221;no-extra-padding&#8221; column_padding_tablet=&#8221;inherit&#8221; column_padding_phone=&#8221;inherit&#8221; column_padding_position=&#8221;all&#8221; column_element_direction_desktop=&#8221;default&#8221; column_element_spacing=&#8221;default&#8221; desktop_text_alignment=&#8221;default&#8221; tablet_text_alignment=&#8221;default&#8221; phone_text_alignment=&#8221;default&#8221; background_color_opacity=&#8221;1&#8243; background_hover_color_opacity=&#8221;1&#8243; column_backdrop_filter=&#8221;none&#8221; column_shadow=&#8221;none&#8221; column_border_radius=&#8221;none&#8221; column_link_target=&#8221;_self&#8221; column_position=&#8221;default&#8221; gradient_direction=&#8221;left_to_right&#8221; overlay_strength=&#8221;0.3&#8243; width=&#8221;1\/2&#8243; tablet_width_inherit=&#8221;default&#8221; animation_type=&#8221;default&#8221; enable_animation=&#8221;true&#8221; animation=&#8221;grow-in&#8221; animation_easing=&#8221;default&#8221; bg_image_animation=&#8221;none&#8221; border_type=&#8221;simple&#8221; column_border_width=&#8221;none&#8221; column_border_style=&#8221;solid&#8221; delay=&#8221;100&#8243;][fancy_box box_style=&#8221;color_box_hover&#8221; icon_family=&#8221;fontawesome&#8221; color=&#8221;accent-color&#8221; color_box_hover_overlay_opacity=&#8221;default&#8221; box_alignment=&#8221;left&#8221; border_radius=&#8221;default&#8221; image_loading=&#8221;default&#8221; min_height=&#8221;200&#8243; icon_fontawesome=&#8221;fa fa-handshake-o&#8221;]\n<h3>Mutui e Piani di Pagamento<\/h3>\n<h5>Semplificare il finanziamento della tua propriet\u00e0<\/h5>\n<p>Comprendere e navigare tra le varie opzioni disponibili per finanziare il tuo acquisto in un paese straniero pu\u00f2 essere scoraggiante.<\/p>\n<p>Molte banche a Dubai offrono mutui ai cittadini stranieri e collaboriamo strettamente con rinomati broker di mutui a Dubai per garantire che tu riceva tassi e condizioni competitivi che meglio si adattano alla tua situazione finanziaria.<\/p>\n<p>Molti dei principali sviluppatori a Dubai offrono piani di pagamento scaglionati per aiutarti a finanziare l&#8217;acquisto di propriet\u00e0 &#8220;off plan&#8221;. I piani di pagamento scaglionati offerti possono variare notevolmente tra propriet\u00e0, progetti e sviluppatori. \u00c8 persino possibile pagare una percentuale del prezzo di acquisto della propriet\u00e0 diversi anni dopo che la propriet\u00e0 ti \u00e8 stata consegnata, permettendoti di vivere nella propriet\u00e0 prima che sia completamente pagata o di assicurarti un reddito da affitto per contribuire ai futuri pagamenti.<\/p>\n<p>Il nostro servizio \u00e8 progettato per semplificare il tuo processo di investimento, fornendoti informazioni chiare e concise e l&#8217;accesso alle migliori opzioni disponibili in base alle tue circostanze finanziarie e ai tuoi bisogni aspirazionali.<\/p>\n<p>Miriamo a rendere il tuo acquisto immobiliare il pi\u00f9 fluido e senza stress possibile, sia che tu sia un acquirente alla prima esperienza o un investitore esperto che desidera espandere il proprio portafoglio.[\/fancy_box][\/vc_column][\/vc_row][vc_row type=&#8221;full_width_background&#8221; full_screen_row_position=&#8221;middle&#8221; column_margin=&#8221;default&#8221; column_direction=&#8221;default&#8221; column_direction_tablet=&#8221;default&#8221; column_direction_phone=&#8221;default&#8221; scene_position=&#8221;center&#8221; top_padding=&#8221;2%&#8221; bottom_padding=&#8221;2%&#8221; text_color=&#8221;dark&#8221; text_align=&#8221;left&#8221; row_border_radius=&#8221;none&#8221; row_border_radius_applies=&#8221;bg&#8221; overflow=&#8221;visible&#8221; overlay_strength=&#8221;0.3&#8243; gradient_direction=&#8221;left_to_right&#8221; shape_divider_position=&#8221;bottom&#8221; bg_image_animation=&#8221;none&#8221; shape_type=&#8221;&#8221; gradient_type=&#8221;default&#8221;][vc_column column_padding=&#8221;no-extra-padding&#8221; column_padding_tablet=&#8221;inherit&#8221; column_padding_phone=&#8221;inherit&#8221; column_padding_position=&#8221;all&#8221; column_element_direction_desktop=&#8221;default&#8221; column_element_spacing=&#8221;default&#8221; desktop_text_alignment=&#8221;default&#8221; tablet_text_alignment=&#8221;default&#8221; phone_text_alignment=&#8221;default&#8221; background_color_opacity=&#8221;1&#8243; background_hover_color_opacity=&#8221;1&#8243; column_backdrop_filter=&#8221;none&#8221; column_shadow=&#8221;none&#8221; column_border_radius=&#8221;none&#8221; column_link_target=&#8221;_self&#8221; column_position=&#8221;default&#8221; gradient_direction=&#8221;left_to_right&#8221; overlay_strength=&#8221;0.3&#8243; width=&#8221;1\/2&#8243; tablet_width_inherit=&#8221;default&#8221; animation_type=&#8221;default&#8221; enable_animation=&#8221;true&#8221; animation=&#8221;grow-in&#8221; animation_easing=&#8221;default&#8221; bg_image_animation=&#8221;none&#8221; border_type=&#8221;simple&#8221; column_border_width=&#8221;none&#8221; column_border_style=&#8221;solid&#8221;][fancy_box box_style=&#8221;color_box_hover&#8221; icon_family=&#8221;fontawesome&#8221; color=&#8221;accent-color&#8221; color_box_hover_overlay_opacity=&#8221;default&#8221; box_alignment=&#8221;left&#8221; border_radius=&#8221;default&#8221; image_loading=&#8221;default&#8221; min_height=&#8221;200&#8243; icon_fontawesome=&#8221;fa fa-wrench&#8221;]\n<h3>Costruzione e Ristrutturazione di Propriet\u00e0<\/h3>\n<h5>Trasformare e Creare Spazi, Massimizzare il Valore<\/h5>\n<p>I nostri servizi di costruzione e ristrutturazione di propriet\u00e0 sono progettati per migliorare l&#8217;appeal estetico e aumentare il valore dei tuoi investimenti. Abbiamo stabilito partnership con architetti e costruttori di alto livello a Dubai, garantendo che i tuoi progetti di costruzione e ristrutturazione siano eseguiti secondo i pi\u00f9 alti standard di qualit\u00e0 e design.<\/p>\n<p>Che tu stia cercando di:<\/p>\n<ul>\n<li>assicurarti un terreno e costruire la tua propriet\u00e0<\/li>\n<li>aggiornare una propriet\u00e0 appena acquistata prima di trasferirti<\/li>\n<li>ristrutturare una propriet\u00e0 di investimento per la rivendita<\/li>\n<li>aumentare l&#8217;appeal e la redditivit\u00e0 della tua propriet\u00e0 in affitto<\/li>\n<li>siamo qui per aiutarti.<\/li>\n<\/ul>\n<p>Il nostro team pu\u00f2 gestire l&#8217;intero processo, dalla progettazione iniziale e pianificazione alla gestione del progetto e completamento.<\/p>\n<p>Forniamo anche consulenze esperte su come massimizzare il tuo investimento attraverso ristrutturazioni strategiche, migliorando sia il valore della propriet\u00e0 che il tuo ritorno sull&#8217;investimento.[\/fancy_box][\/vc_column][vc_column column_padding=&#8221;no-extra-padding&#8221; column_padding_tablet=&#8221;inherit&#8221; column_padding_phone=&#8221;inherit&#8221; column_padding_position=&#8221;all&#8221; column_element_direction_desktop=&#8221;default&#8221; column_element_spacing=&#8221;default&#8221; desktop_text_alignment=&#8221;default&#8221; tablet_text_alignment=&#8221;default&#8221; phone_text_alignment=&#8221;default&#8221; background_color_opacity=&#8221;1&#8243; background_hover_color_opacity=&#8221;1&#8243; column_backdrop_filter=&#8221;none&#8221; column_shadow=&#8221;none&#8221; column_border_radius=&#8221;none&#8221; column_link_target=&#8221;_self&#8221; column_position=&#8221;default&#8221; gradient_direction=&#8221;left_to_right&#8221; overlay_strength=&#8221;0.3&#8243; width=&#8221;1\/2&#8243; tablet_width_inherit=&#8221;default&#8221; animation_type=&#8221;default&#8221; enable_animation=&#8221;true&#8221; animation=&#8221;grow-in&#8221; animation_easing=&#8221;default&#8221; bg_image_animation=&#8221;none&#8221; border_type=&#8221;simple&#8221; column_border_width=&#8221;none&#8221; column_border_style=&#8221;solid&#8221; delay=&#8221;100&#8243;][fancy_box box_style=&#8221;color_box_hover&#8221; icon_family=&#8221;fontawesome&#8221; color=&#8221;accent-color&#8221; color_box_hover_overlay_opacity=&#8221;default&#8221; box_alignment=&#8221;left&#8221; border_radius=&#8221;default&#8221; image_loading=&#8221;default&#8221; min_height=&#8221;200&#8243; icon_fontawesome=&#8221;fa fa-file-text&#8221;]\n<h3>Visti e Altri Servizi Personali e Aziendali<\/h3>\n<h5>Semplificare la tua Transizione a Dubai<\/h5>\n<p>Investire nel mercato immobiliare di Dubai offre pi\u00f9 di semplici rendimenti finanziari; apre le porte a uno stile di vita vibrante e a numerose opportunit\u00e0.<\/p>\n<p>I nostri servizi sono progettati per facilitare una transizione fluida per i clienti internazionali che desiderano vivere, lavorare e persino studiare a Dubai. Sono disponibili diversi tipi di visto, incluso il \u2018Golden Visa\u2019 di 10 anni, che permette a te e a determinati membri della tua famiglia e del tuo personale domestico di vivere a Dubai con te.<\/p>\n<p>L&#8217;idoneit\u00e0 per i diversi tipi di visto dipende da diversi fattori, tra cui l&#8217;importo dell&#8217;investimento e la durata della residenza prevista a Dubai. Ti guideremo attraverso le opzioni disponibili e forniremo assistenza completa per l&#8217;acquisizione del visto, inclusi i visti per investitori e i permessi di residenza, assicurandoti che tu e la tua famiglia possiate godere dei benefici di vivere in questa citt\u00e0 dinamica.<\/p>\n<p>Possiamo anche aiutarti ad aprire un conto bancario o persino a costituire una societ\u00e0 qui, se desideri approfittare dei numerosi vantaggi fiscali offerti alle aziende con sede a Dubai.<\/p>\n<p>Molti di questi servizi sono svolti per nostro conto da una rete globale leader di contabilit\u00e0 e consulenza, con uffici a Dubai e in varie altre parti del mondo, inclusi il Regno Unito e l&#8217;Italia. Essendo uno studio di contabilit\u00e0 internazionale, possono offrire tranquillit\u00e0 gestendo gli aspetti finanziari dei tuoi investimenti.<\/p>\n<p>Dalla consulenza fiscale relativa a immobili e attivit\u00e0 commerciali alla conformit\u00e0, alla rendicontazione finanziaria e alla contabilit\u00e0, assicuriamo che i tuoi investimenti siano non solo redditizi ma anche pienamente conformi alle normative locali.[\/fancy_box][\/vc_column][\/vc_row]\n","protected":false},"excerpt":{"rendered":"<p>[vc_row type=&#8221;full_width_content&#8221; full_screen_row_position=&#8221;middle&#8221; column_margin=&#8221;default&#8221; equal_height=&#8221;yes&#8221; content_placement=&#8221;middle&#8221; column_direction=&#8221;default&#8221; column_direction_tablet=&#8221;default&#8221; column_direction_phone=&#8221;default&#8221; scene_position=&#8221;center&#8221; top_padding=&#8221;8%&#8221; bottom_padding=&#8221;5%&#8221; left_padding_desktop=&#8221;6%&#8221; constrain_group_2=&#8221;yes&#8221; right_padding_desktop=&#8221;6%&#8221; top_padding_tablet=&#8221;20%&#8221; top_padding_phone=&#8221;25%&#8221; text_color=&#8221;dark&#8221; text_align=&#8221;left&#8221; row_border_radius=&#8221;none&#8221; row_border_radius_applies=&#8221;bg&#8221; zindex=&#8221;100&#8243; overflow=&#8221;visible&#8221; advanced_gradient_angle=&#8221;0&#8243; overlay_strength=&#8221;0.3&#8243; gradient_direction=&#8221;left_to_right&#8221; shape_divider_position=&#8221;bottom&#8221; bg_image_animation=&#8221;fade-in&#8221; gradient_type=&#8221;default&#8221; shape_type=&#8221;&#8221;][vc_column&#8230;<\/p>\n","protected":false},"author":1,"featured_media":0,"parent":0,"menu_order":0,"comment_status":"closed","ping_status":"closed","template":"","meta":{"footnotes":""},"aioseo_notices":[],"_links":{"self":[{"href":"https:\/\/agiprimerealestate.com\/it\/wp-json\/wp\/v2\/pages\/540"}],"collection":[{"href":"https:\/\/agiprimerealestate.com\/it\/wp-json\/wp\/v2\/pages"}],"about":[{"href":"https:\/\/agiprimerealestate.com\/it\/wp-json\/wp\/v2\/types\/page"}],"author":[{"embeddable":true,"href":"https:\/\/agiprimerealestate.com\/it\/wp-json\/wp\/v2\/users\/1"}],"replies":[{"embeddable":true,"href":"https:\/\/agiprimerealestate.com\/it\/wp-json\/wp\/v2\/comments?post=540"}],"version-history":[{"count":3,"href":"https:\/\/agiprimerealestate.com\/it\/wp-json\/wp\/v2\/pages\/540\/revisions"}],"predecessor-version":[{"id":553,"href":"https:\/\/agiprimerealestate.com\/it\/wp-json\/wp\/v2\/pages\/540\/revisions\/553"}],"wp:attachment":[{"href":"https:\/\/agiprimerealestate.com\/it\/wp-json\/wp\/v2\/media?parent=540"}],"curies":[{"name":"wp","href":"https:\/\/api.w.org\/{rel}","templated":true}]}}